{"id":1811,"date":"2025-12-15T16:42:27","date_gmt":"2025-12-15T16:42:27","guid":{"rendered":"https:\/\/marabelia.site\/producto\/mod-kkk\/"},"modified":"2025-12-30T03:12:06","modified_gmt":"2025-12-30T03:12:06","slug":"mod-kkk","status":"publish","type":"product","link":"https:\/\/marabelia.site\/fr\/producto\/mod-kkk\/","title":{"rendered":"Poign\u00e9e mod\u00e8le KKK"},"content":{"rendered":"<p>Produit parent variable pour le mod\u00e8le KKK. Importez d\u2019abord le parent, puis les variations.<\/p>\n","protected":false},"excerpt":{"rendered":"<p>Produit parent variable pour le mod\u00e8le KKK. Importez d\u2019abord le parent, puis les variations.<\/p>\n","protected":false},"featured_media":0,"comment_status":"open","ping_status":"closed","template":"","meta":[],"product_brand":[],"product_cat":[442],"product_tag":[],"class_list":{"0":"post-1811","1":"product","2":"type-product","3":"status-publish","5":"product_cat-sin-categoria","7":"first","8":"instock","9":"shipping-taxable","10":"purchasable","11":"product-type-variable","12":"wvs-archive-product-wrapper"},"_links":{"self":[{"href":"https:\/\/marabelia.site\/fr\/wp-json\/wp\/v2\/product\/1811","targetHints":{"allow":["GET"]}}],"collection":[{"href":"https:\/\/marabelia.site\/fr\/wp-json\/wp\/v2\/product"}],"about":[{"href":"https:\/\/marabelia.site\/fr\/wp-json\/wp\/v2\/types\/product"}],"replies":[{"embeddable":true,"href":"https:\/\/marabelia.site\/fr\/wp-json\/wp\/v2\/comments?post=1811"}],"wp:attachment":[{"href":"https:\/\/marabelia.site\/fr\/wp-json\/wp\/v2\/media?parent=1811"}],"wp:term":[{"taxonomy":"product_brand","embeddable":true,"href":"https:\/\/marabelia.site\/fr\/wp-json\/wp\/v2\/product_brand?post=1811"},{"taxonomy":"product_cat","embeddable":true,"href":"https:\/\/marabelia.site\/fr\/wp-json\/wp\/v2\/product_cat?post=1811"},{"taxonomy":"product_tag","embeddable":true,"href":"https:\/\/marabelia.site\/fr\/wp-json\/wp\/v2\/product_tag?post=1811"}],"curies":[{"name":"wp","href":"https:\/\/api.w.org\/{rel}","templated":true}]}}